{"id":796,"date":"2023-03-16T21:56:15","date_gmt":"2023-03-16T21:56:15","guid":{"rendered":"https:\/\/istitutoculturaleislamicoonlus.catarat.com\/?page_id=796"},"modified":"2023-03-19T23:02:34","modified_gmt":"2023-03-19T23:02:34","slug":"one-day-online-fundraiser","status":"publish","type":"page","link":"https:\/\/istitutoculturaleislamicoonlus.catarat.com\/it\/raccolta-fondi-online-di-un-giorno\/","title":{"rendered":"Raccolta fondi online di un giorno"},"content":{"rendered":"<div data-elementor-type=\"wp-page\" data-elementor-id=\"796\" class=\"elementor elementor-796\">\n\t\t\t\t\t\t<section class=\"elementor-section elementor-top-section elementor-element elementor-element-1d037b6c elementor-section-boxed elementor-section-height-default elementor-section-height-default\" data-id=\"1d037b6c\" data-element_type=\"section\" data-settings=\"{&quot;background_background&quot;:&quot;classic&quot;}\">\n\t\t\t\t\t\t\t<div class=\"elementor-background-overlay\"><\/div>\n\t\t\t\t\t\t\t<div class=\"elementor-container elementor-column-gap-default\">\n\t\t\t\t\t<div class=\"elementor-column elementor-col-100 elementor-top-column elementor-element elementor-element-7fa03dab\" data-id=\"7fa03dab\" data-element_type=\"column\">\n\t\t\t<div class=\"elementor-widget-wrap elementor-element-populated\">\n\t\t\t\t\t\t<div class=\"elementor-element elementor-element-21dbdb05 elementor-widget elementor-widget-heading\" data-id=\"21dbdb05\" data-element_type=\"widget\" data-widget_type=\"heading.default\">\n\t\t\t\t<div class=\"elementor-widget-container\">\n\t\t\t\t\t<h2 class=\"elementor-heading-title elementor-size-default\">dettagli dell&#039;evento<\/h2>\t\t\t\t<\/div>\n\t\t\t\t<\/div>\n\t\t\t\t\t<\/div>\n\t\t<\/div>\n\t\t\t\t\t<\/div>\n\t\t<\/section>\n\t\t\t\t<section class=\"elementor-section elementor-top-section elementor-element elementor-element-334f764 elementor-section-boxed elementor-section-height-default elementor-section-height-default\" data-id=\"334f764\" data-element_type=\"section\">\n\t\t\t\t\t\t<div class=\"elementor-container elementor-column-gap-default\">\n\t\t\t\t\t<div class=\"elementor-column elementor-col-100 elementor-top-column elementor-element elementor-element-49432142\" data-id=\"49432142\" data-element_type=\"column\">\n\t\t\t<div class=\"elementor-widget-wrap elementor-element-populated\">\n\t\t\t\t\t\t<section class=\"elementor-section elementor-inner-section elementor-element elementor-element-43e1a5f5 elementor-section-boxed elementor-section-height-default elementor-section-height-default\" data-id=\"43e1a5f5\" data-element_type=\"section\">\n\t\t\t\t\t\t<div class=\"elementor-container elementor-column-gap-default\">\n\t\t\t\t\t<div class=\"elementor-column elementor-col-50 elementor-inner-column elementor-element elementor-element-aafd53b\" data-id=\"aafd53b\" data-element_type=\"column\">\n\t\t\t<div class=\"elementor-widget-wrap elementor-element-populated\">\n\t\t\t\t\t\t<div class=\"elementor-element elementor-element-5e9f8ace elementor-widget elementor-widget-heading\" data-id=\"5e9f8ace\" data-element_type=\"widget\" data-widget_type=\"heading.default\">\n\t\t\t\t<div class=\"elementor-widget-container\">\n\t\t\t\t\t<h2 class=\"elementor-heading-title elementor-size-default\"><a href=\"#\">Raccolta fondi online di un giorno<\/a><\/h2>\t\t\t\t<\/div>\n\t\t\t\t<\/div>\n\t\t\t\t<section class=\"elementor-section elementor-inner-section elementor-element elementor-element-37a9568d elementor-section-boxed elementor-section-height-default elementor-section-height-default\" data-id=\"37a9568d\" data-element_type=\"section\" data-settings=\"{&quot;background_background&quot;:&quot;classic&quot;}\">\n\t\t\t\t\t\t<div class=\"elementor-container elementor-column-gap-default\">\n\t\t\t\t\t<div class=\"elementor-column elementor-col-50 elementor-inner-column elementor-element elementor-element-5756464e\" data-id=\"5756464e\" data-element_type=\"column\">\n\t\t\t<div class=\"elementor-widget-wrap elementor-element-populated\">\n\t\t\t\t\t\t<div class=\"elementor-element elementor-element-5d82fc18 elementor-widget elementor-widget-spacer\" data-id=\"5d82fc18\" data-element_type=\"widget\" data-widget_type=\"spacer.default\">\n\t\t\t\t<div class=\"elementor-widget-container\">\n\t\t\t\t\t\t\t<div class=\"elementor-spacer\">\n\t\t\t<div class=\"elementor-spacer-inner\"><\/div>\n\t\t<\/div>\n\t\t\t\t\t\t<\/div>\n\t\t\t\t<\/div>\n\t\t\t\t\t<\/div>\n\t\t<\/div>\n\t\t\t\t<div class=\"elementor-column elementor-col-50 elementor-inner-column elementor-element elementor-element-46450445\" data-id=\"46450445\" data-element_type=\"column\" data-settings=\"{&quot;background_background&quot;:&quot;classic&quot;}\">\n\t\t\t<div class=\"elementor-widget-wrap elementor-element-populated\">\n\t\t\t\t\t\t<div class=\"elementor-element elementor-element-5039fac2 elementor-widget elementor-widget-sina_countdown\" data-id=\"5039fac2\" data-element_type=\"widget\" data-widget_type=\"sina_countdown.default\">\n\t\t\t\t<div class=\"elementor-widget-container\">\n\t\t\t\t\t\t\t<div class=\"sina-countdown\"\r\n\t\tdata-time=\"2021-05-29 09:04\"\r\n\t\tdata-text=\"yes\"\r\n\t\tdata-link=\"\"\r\n\t\tdata-message=\"Countdown is finished!\">\r\n\t\t\t\t\t<\/div><!-- .sina-countdown -->\r\n\t\t\t\t\t\t<\/div>\n\t\t\t\t<\/div>\n\t\t\t\t\t<\/div>\n\t\t<\/div>\n\t\t\t\t\t<\/div>\n\t\t<\/section>\n\t\t\t\t<div class=\"elementor-element elementor-element-110f3dee elementor-widget elementor-widget-text-editor\" data-id=\"110f3dee\" data-element_type=\"widget\" data-widget_type=\"text-editor.default\">\n\t\t\t\t<div class=\"elementor-widget-container\">\n\t\t\t\t\t\t\t\t\t<div class=\"flex-1 overflow-hidden\"><div class=\"react-scroll-to-bottom--css-odsgr-79elbk h-full dark:bg-gray-800\"><div class=\"react-scroll-to-bottom--css-odsgr-1n7m0yu\"><div class=\"flex flex-col items-center text-sm dark:bg-gray-800\"><div class=\"group w-full text-gray-800 dark:text-gray-100 border-b border-black\/10 dark:border-gray-900\/50 bg-gray-50 dark:bg-[#444654]\"><div class=\"text-base gap-4 md:gap-6 md:max-w-2xl lg:max-w-2xl xl:max-w-3xl p-4 md:py-6 flex lg:px-0 m-auto\"><div class=\"relative flex w-[calc(100%-50px)] flex-col gap-1 md:gap-3 lg:w-[calc(100%-115px)]\"><div class=\"flex flex-grow flex-col gap-3\"><div class=\"min-h-[20px] flex flex-col items-start gap-4 whitespace-pre-wrap\"><div class=\"markdown prose w-full break-words dark:prose-invert light\"><p>La One-Day Online Fundraiser \u00e8 un&#039;iniziativa dell&#039;Istituto Culturale Islamico Onlus per raccogliere fondi per varie cause e sostenere organizzazioni benefiche. Questo evento consente alle persone di fare la differenza donando a una causa degna dalla comodit\u00e0 della propria casa. L&#039;evento si tiene ogni anno ed \u00e8 molto popolare tra i sostenitori dell&#039;organizzazione.<\/p><p>Durante la One-Day Online Fundraiser, l&#039;Istituto Culturale Islamico Onlus collabora con varie ONG e organizzazioni di beneficenza per raccogliere fondi e sostenere i loro progetti in corso. L&#039;evento offre a queste organizzazioni una piattaforma per mostrare il loro lavoro ed evidenziare l&#039;impatto dei loro progetti sulla comunit\u00e0.<\/p><p>Attraverso questa raccolta fondi, l&#039;Istituto Culturale Islamico Onlus mira a creare consapevolezza sulle sfide affrontate dalle fasce svantaggiate ed emarginate della societ\u00e0. I fondi raccolti vengono utilizzati per sostenere varie iniziative come fornire istruzione ai bambini, strutture sanitarie e soccorsi in caso di calamit\u00e0.<\/p><p>La raccolta fondi online di un giorno \u00e8 una grande opportunit\u00e0 per le persone di contribuire alla societ\u00e0 e aiutare i bisognosi. \u00c8 un&#039;opportunit\u00e0 per fare la differenza e sostenere le cause a loro care. L&#039;Istituto Culturale Islamico Onlus garantisce che tutte le donazioni siano utilizzate per lo scopo previsto e siano trasparenti nel loro approccio alla gestione dei fondi.<\/p><p>Nel complesso, la raccolta fondi online di un giorno \u00e8 una meravigliosa iniziativa dell&#039;Istituto Culturale Islamico Onlus per raccogliere fondi per cause benefiche e sostenere le ONG che lavorano per il benessere sociale.<\/p><\/div><\/div><\/div><\/div><\/div><\/div><\/div><\/div><\/div><\/div>\t\t\t\t\t\t\t\t<\/div>\n\t\t\t\t<\/div>\n\t\t\t\t\t<\/div>\n\t\t<\/div>\n\t\t\t\t<div class=\"elementor-column elementor-col-50 elementor-inner-column elementor-element elementor-element-718a3b91\" data-id=\"718a3b91\" data-element_type=\"column\">\n\t\t\t<div class=\"elementor-widget-wrap elementor-element-populated\">\n\t\t\t\t\t\t<section class=\"elementor-section elementor-inner-section elementor-element elementor-element-5e273791 elementor-section-boxed elementor-section-height-default elementor-section-height-default\" data-id=\"5e273791\" data-element_type=\"section\">\n\t\t\t\t\t\t<div class=\"elementor-container elementor-column-gap-default\">\n\t\t\t\t\t<div class=\"elementor-column elementor-col-100 elementor-inner-column elementor-element elementor-element-45d6e51\" data-id=\"45d6e51\" data-element_type=\"column\" data-settings=\"{&quot;background_background&quot;:&quot;classic&quot;}\">\n\t\t\t<div class=\"elementor-widget-wrap elementor-element-populated\">\n\t\t\t\t\t\t<div class=\"elementor-element elementor-element-24fef93a elementor-widget elementor-widget-heading\" data-id=\"24fef93a\" data-element_type=\"widget\" data-widget_type=\"heading.default\">\n\t\t\t\t<div class=\"elementor-widget-container\">\n\t\t\t\t\t<h2 class=\"elementor-heading-title elementor-size-default\"><a href=\"#\">dettagli degli eventi<\/a><\/h2>\t\t\t\t<\/div>\n\t\t\t\t<\/div>\n\t\t\t\t<div class=\"elementor-element elementor-element-1b4c3bd6 elementor-icon-list--layout-traditional elementor-list-item-link-full_width elementor-widget elementor-widget-icon-list\" data-id=\"1b4c3bd6\" data-element_type=\"widget\" data-widget_type=\"icon-list.default\">\n\t\t\t\t<div class=\"elementor-widget-container\">\n\t\t\t\t\t\t\t<ul class=\"elementor-icon-list-items\">\n\t\t\t\t\t\t\t<li class=\"elementor-icon-list-item\">\n\t\t\t\t\t\t\t\t\t\t\t<span class=\"elementor-icon-list-icon\">\n\t\t\t\t\t\t\t<i aria-hidden=\"true\" class=\"fas fa-stopwatch\"><\/i>\t\t\t\t\t\t<\/span>\n\t\t\t\t\t\t\t\t\t\t<span class=\"elementor-icon-list-text\"><strong>tempo di partenza<\/strong>: dalle 10:00 alle 13:00<\/span>\n\t\t\t\t\t\t\t\t\t<\/li>\n\t\t\t\t\t\t\t\t<li class=\"elementor-icon-list-item\">\n\t\t\t\t\t\t\t\t\t\t\t<span class=\"elementor-icon-list-icon\">\n\t\t\t\t\t\t\t<i aria-hidden=\"true\" class=\"far fa-calendar-alt\"><\/i>\t\t\t\t\t\t<\/span>\n\t\t\t\t\t\t\t\t\t\t<span class=\"elementor-icon-list-text\"><strong>data dell&#039;evento<\/strong>: 22 giugno 2023<\/span>\n\t\t\t\t\t\t\t\t\t<\/li>\n\t\t\t\t\t\t\t\t<li class=\"elementor-icon-list-item\">\n\t\t\t\t\t\t\t\t\t\t\t<span class=\"elementor-icon-list-icon\">\n\t\t\t\t\t\t\t<i aria-hidden=\"true\" class=\"fas fa-phone-square-alt\"><\/i>\t\t\t\t\t\t<\/span>\n\t\t\t\t\t\t\t\t\t\t<span class=\"elementor-icon-list-text\"><strong>Numero di telefono<\/strong>:  00390266802999<\/span>\n\t\t\t\t\t\t\t\t\t<\/li>\n\t\t\t\t\t\t\t\t<li class=\"elementor-icon-list-item\">\n\t\t\t\t\t\t\t\t\t\t\t<span class=\"elementor-icon-list-icon\">\n\t\t\t\t\t\t\t<i aria-hidden=\"true\" class=\"fas fa-map-marker-alt\"><\/i>\t\t\t\t\t\t<\/span>\n\t\t\t\t\t\t\t\t\t\t<span class=\"elementor-icon-list-text\"><strong>posizione dell&#039;indirizzo<\/strong>: Viale Edoardo Jenner, 50, 20159 Milano MI<\/span>\n\t\t\t\t\t\t\t\t\t<\/li>\n\t\t\t\t\t\t<\/ul>\n\t\t\t\t\t\t<\/div>\n\t\t\t\t<\/div>\n\t\t\t\t\t<\/div>\n\t\t<\/div>\n\t\t\t\t\t<\/div>\n\t\t<\/section>\n\t\t\t\t<div class=\"elementor-element elementor-element-f085a62 elementor-widget elementor-widget-html\" data-id=\"f085a62\" data-element_type=\"widget\" data-widget_type=\"html.default\">\n\t\t\t\t<div class=\"elementor-widget-container\">\n\t\t\t\t\t<iframe src=\"https:\/\/www.google.com\/maps\/embed?pb=!1m18!1m12!1m3!1d2796.6462213364184!2d9.17312131537682!3d45.497068479101415!2m3!1f0!2f0!3f0!3m2!1i1024!2i768!4f13.1!3m3!1m2!1s0x4786c1209f66c9d9%3A0x9a7222d6384e1810!2sIslamic%20Cultural%20Institute%20Onlus!5e0!3m2!1sen!2sit!4v1679258505775!5m2!1sen!2sit\" width=\"600\" height=\"350\" style=\"border:0;\" allowfullscreen=\"\" loading=\"lazy\" referrerpolicy=\"no-referrer-when-downgrade\"><\/iframe>\t\t\t\t<\/div>\n\t\t\t\t<\/div>\n\t\t\t\t<section class=\"elementor-section elementor-inner-section elementor-element elementor-element-27a04065 elementor-section-boxed elementor-section-height-default elementor-section-height-default\" data-id=\"27a04065\" data-element_type=\"section\">\n\t\t\t\t\t\t<div class=\"elementor-container elementor-column-gap-default\">\n\t\t\t\t\t<div class=\"elementor-column elementor-col-100 elementor-inner-column elementor-element elementor-element-6b4d2e7d\" data-id=\"6b4d2e7d\" data-element_type=\"column\" data-settings=\"{&quot;background_background&quot;:&quot;classic&quot;}\">\n\t\t\t<div class=\"elementor-widget-wrap elementor-element-populated\">\n\t\t\t\t\t<div class=\"elementor-background-overlay\"><\/div>\n\t\t\t\t\t\t<div class=\"elementor-element elementor-element-528d6952 elementor-widget elementor-widget-heading\" data-id=\"528d6952\" data-element_type=\"widget\" data-widget_type=\"heading.default\">\n\t\t\t\t<div class=\"elementor-widget-container\">\n\t\t\t\t\t<h2 class=\"elementor-heading-title elementor-size-default\"><a href=\"#\">unitevi per beneficenza<\/a><\/h2>\t\t\t\t<\/div>\n\t\t\t\t<\/div>\n\t\t\t\t<div class=\"elementor-element elementor-element-62034505 elementor-widget elementor-widget-text-editor\" data-id=\"62034505\" data-element_type=\"widget\" data-widget_type=\"text-editor.default\">\n\t\t\t\t<div class=\"elementor-widget-container\">\n\t\t\t\t\t\t\t\t\t<p>Incoraggiare gli individui e le organizzazioni a riunirsi e ad avere un impatto positivo sul mondo.<\/p>\t\t\t\t\t\t\t\t<\/div>\n\t\t\t\t<\/div>\n\t\t\t\t<div class=\"elementor-element elementor-element-3b1eca68 elementor-align-center elementor-widget elementor-widget-button\" data-id=\"3b1eca68\" data-element_type=\"widget\" data-widget_type=\"button.default\">\n\t\t\t\t<div class=\"elementor-widget-container\">\n\t\t\t\t\t\t\t\t\t<div class=\"elementor-button-wrapper\">\n\t\t\t\t\t<a class=\"elementor-button elementor-button-link elementor-size-sm\" href=\"https:\/\/buy.stripe.com\/dR69E1bAO7cRdmEcMS\" target=\"_blank\">\n\t\t\t\t\t\t<span class=\"elementor-button-content-wrapper\">\n\t\t\t\t\t\t\t\t\t<span class=\"elementor-button-text\">Donate adesso<\/span>\n\t\t\t\t\t<\/span>\n\t\t\t\t\t<\/a>\n\t\t\t\t<\/div>\n\t\t\t\t\t\t\t\t<\/div>\n\t\t\t\t<\/div>\n\t\t\t\t\t<\/div>\n\t\t<\/div>\n\t\t\t\t\t<\/div>\n\t\t<\/section>\n\t\t\t\t\t<\/div>\n\t\t<\/div>\n\t\t\t\t\t<\/div>\n\t\t<\/section>\n\t\t\t\t\t<\/div>\n\t\t<\/div>\n\t\t\t\t\t<\/div>\n\t\t<\/section>\n\t\t\t\t<\/div>","protected":false},"excerpt":{"rendered":"<p>event details One-Day Online Fundraiser The One-Day Online Fundraiser is an initiative by the Institute Cultural Islamic Onlus to raise funds for various causes and support charitable organizations. This event allows individuals to make a difference by donating to a worthy cause from the comfort of their own home. The event is held annually and is widely popular among supporters [&hellip;]<\/p>","protected":false},"author":1,"featured_media":0,"parent":0,"menu_order":0,"comment_status":"closed","ping_status":"closed","template":"elementor_header_footer","meta":{"footnotes":""},"_links":{"self":[{"href":"https:\/\/istitutoculturaleislamicoonlus.catarat.com\/it\/wp-json\/wp\/v2\/pages\/796"}],"collection":[{"href":"https:\/\/istitutoculturaleislamicoonlus.catarat.com\/it\/wp-json\/wp\/v2\/pages"}],"about":[{"href":"https:\/\/istitutoculturaleislamicoonlus.catarat.com\/it\/wp-json\/wp\/v2\/types\/page"}],"author":[{"embeddable":true,"href":"https:\/\/istitutoculturaleislamicoonlus.catarat.com\/it\/wp-json\/wp\/v2\/users\/1"}],"replies":[{"embeddable":true,"href":"https:\/\/istitutoculturaleislamicoonlus.catarat.com\/it\/wp-json\/wp\/v2\/comments?post=796"}],"version-history":[{"count":33,"href":"https:\/\/istitutoculturaleislamicoonlus.catarat.com\/it\/wp-json\/wp\/v2\/pages\/796\/revisions"}],"predecessor-version":[{"id":1759,"href":"https:\/\/istitutoculturaleislamicoonlus.catarat.com\/it\/wp-json\/wp\/v2\/pages\/796\/revisions\/1759"}],"wp:attachment":[{"href":"https:\/\/istitutoculturaleislamicoonlus.catarat.com\/it\/wp-json\/wp\/v2\/media?parent=796"}],"curies":[{"name":"wp","href":"https:\/\/api.w.org\/{rel}","templated":true}]}}