{"id":742,"date":"2023-03-16T21:11:47","date_gmt":"2023-03-16T21:11:47","guid":{"rendered":"https:\/\/istitutoculturaleislamicoonlus.catarat.com\/?page_id=742"},"modified":"2023-03-19T22:19:45","modified_gmt":"2023-03-19T22:19:45","slug":"financial-help-for-poor-families","status":"publish","type":"page","link":"https:\/\/istitutoculturaleislamicoonlus.catarat.com\/it\/aiuto-finanziario-per-famiglie-povere\/","title":{"rendered":"Aiuto finanziario per le famiglie povere"},"content":{"rendered":"<div data-elementor-type=\"wp-page\" data-elementor-id=\"742\" class=\"elementor elementor-742\">\n\t\t\t\t\t\t<section class=\"elementor-section elementor-top-section elementor-element elementor-element-2f48b94e elementor-section-boxed elementor-section-height-default elementor-section-height-default\" data-id=\"2f48b94e\" data-element_type=\"section\" data-settings=\"{&quot;background_background&quot;:&quot;classic&quot;}\">\n\t\t\t\t\t\t\t<div class=\"elementor-background-overlay\"><\/div>\n\t\t\t\t\t\t\t<div class=\"elementor-container elementor-column-gap-default\">\n\t\t\t\t\t<div class=\"elementor-column elementor-col-100 elementor-top-column elementor-element elementor-element-67f45288\" data-id=\"67f45288\" data-element_type=\"column\">\n\t\t\t<div class=\"elementor-widget-wrap elementor-element-populated\">\n\t\t\t\t\t\t<div class=\"elementor-element elementor-element-498ceb72 elementor-widget elementor-widget-heading\" data-id=\"498ceb72\" data-element_type=\"widget\" data-widget_type=\"heading.default\">\n\t\t\t\t<div class=\"elementor-widget-container\">\n\t\t\t\t\t<h2 class=\"elementor-heading-title elementor-size-default\">Dettaglio della campagna<\/h2>\t\t\t\t<\/div>\n\t\t\t\t<\/div>\n\t\t\t\t\t<\/div>\n\t\t<\/div>\n\t\t\t\t\t<\/div>\n\t\t<\/section>\n\t\t\t\t<section class=\"elementor-section elementor-top-section elementor-element elementor-element-43bb36f elementor-section-boxed elementor-section-height-default elementor-section-height-default\" data-id=\"43bb36f\" data-element_type=\"section\">\n\t\t\t\t\t\t<div class=\"elementor-container elementor-column-gap-default\">\n\t\t\t\t\t<div class=\"elementor-column elementor-col-100 elementor-top-column elementor-element elementor-element-5a24dd1c\" data-id=\"5a24dd1c\" data-element_type=\"column\">\n\t\t\t<div class=\"elementor-widget-wrap elementor-element-populated\">\n\t\t\t\t\t\t<section class=\"elementor-section elementor-inner-section elementor-element elementor-element-3152b2c3 elementor-section-boxed elementor-section-height-default elementor-section-height-default\" data-id=\"3152b2c3\" data-element_type=\"section\">\n\t\t\t\t\t\t<div class=\"elementor-container elementor-column-gap-default\">\n\t\t\t\t\t<div class=\"elementor-column elementor-col-50 elementor-inner-column elementor-element elementor-element-4ee387fa\" data-id=\"4ee387fa\" data-element_type=\"column\">\n\t\t\t<div class=\"elementor-widget-wrap elementor-element-populated\">\n\t\t\t\t\t\t<div class=\"elementor-element elementor-element-6084ca78 elementor-widget elementor-widget-image\" data-id=\"6084ca78\" data-element_type=\"widget\" data-widget_type=\"image.default\">\n\t\t\t\t<div class=\"elementor-widget-container\">\n\t\t\t\t\t\t\t\t\t\t\t\t\t\t\t<img fetchpriority=\"high\" decoding=\"async\" width=\"640\" height=\"510\" src=\"https:\/\/istitutoculturaleislamicoonlus.catarat.com\/wp-content\/uploads\/2023\/03\/bosa-charity-img3.jpg\" class=\"attachment-large size-large wp-image-20\" alt=\"\" srcset=\"https:\/\/istitutoculturaleislamicoonlus.catarat.com\/wp-content\/uploads\/2023\/03\/bosa-charity-img3.jpg 640w, https:\/\/istitutoculturaleislamicoonlus.catarat.com\/wp-content\/uploads\/2023\/03\/bosa-charity-img3-300x239.jpg 300w\" sizes=\"(max-width: 640px) 100vw, 640px\" \/>\t\t\t\t\t\t\t\t\t\t\t\t\t\t\t<\/div>\n\t\t\t\t<\/div>\n\t\t\t\t<div class=\"elementor-element elementor-element-76404b57 elementor-widget elementor-widget-heading\" data-id=\"76404b57\" data-element_type=\"widget\" data-widget_type=\"heading.default\">\n\t\t\t\t<div class=\"elementor-widget-container\">\n\t\t\t\t\t<h2 class=\"elementor-heading-title elementor-size-default\">Aiuto finanziario per le famiglie povere<\/h2>\t\t\t\t<\/div>\n\t\t\t\t<\/div>\n\t\t\t\t<section class=\"elementor-section elementor-inner-section elementor-element elementor-element-252ec7b elementor-section-boxed elementor-section-height-default elementor-section-height-default\" data-id=\"252ec7b\" data-element_type=\"section\">\n\t\t\t\t\t\t<div class=\"elementor-container elementor-column-gap-default\">\n\t\t\t\t\t<div class=\"elementor-column elementor-col-50 elementor-inner-column elementor-element elementor-element-5d97a11a\" data-id=\"5d97a11a\" data-element_type=\"column\">\n\t\t\t<div class=\"elementor-widget-wrap elementor-element-populated\">\n\t\t\t\t\t\t<div class=\"elementor-element elementor-element-5935aed5 elementor-widget elementor-widget-progress\" data-id=\"5935aed5\" data-element_type=\"widget\" data-widget_type=\"progress.default\">\n\t\t\t\t<div class=\"elementor-widget-container\">\n\t\t\t\t\t\n\t\t<div class=\"elementor-progress-wrapper\" role=\"progressbar\" aria-valuemin=\"0\" aria-valuemax=\"100\" aria-valuenow=\"70\" aria-valuetext=\"70% (raised funds)\">\n\t\t\t<div class=\"elementor-progress-bar\" data-max=\"70\">\n\t\t\t\t<span class=\"elementor-progress-text\">fondi raccolti<\/span>\n\t\t\t\t\t\t\t\t\t<span class=\"elementor-progress-percentage\">70%<\/span>\n\t\t\t\t\t\t\t<\/div>\n\t\t<\/div>\n\t\t\t\t\t\t<\/div>\n\t\t\t\t<\/div>\n\t\t\t\t\t<\/div>\n\t\t<\/div>\n\t\t\t\t<div class=\"elementor-column elementor-col-50 elementor-inner-column elementor-element elementor-element-4f2ff2c2\" data-id=\"4f2ff2c2\" data-element_type=\"column\">\n\t\t\t<div class=\"elementor-widget-wrap elementor-element-populated\">\n\t\t\t\t\t\t<div class=\"elementor-element elementor-element-60486e53 elementor-icon-list--layout-inline elementor-align-center elementor-list-item-link-full_width elementor-widget elementor-widget-icon-list\" data-id=\"60486e53\" data-element_type=\"widget\" data-widget_type=\"icon-list.default\">\n\t\t\t\t<div class=\"elementor-widget-container\">\n\t\t\t\t\t\t\t<ul class=\"elementor-icon-list-items elementor-inline-items\">\n\t\t\t\t\t\t\t<li class=\"elementor-icon-list-item elementor-inline-item\">\n\t\t\t\t\t\t\t\t\t\t\t<span class=\"elementor-icon-list-icon\">\n\t\t\t\t\t\t\t<i aria-hidden=\"true\" class=\"fas fa-hand-holding-usd\"><\/i>\t\t\t\t\t\t<\/span>\n\t\t\t\t\t\t\t\t\t\t<span class=\"elementor-icon-list-text\">70% sollevato<\/span>\n\t\t\t\t\t\t\t\t\t<\/li>\n\t\t\t\t\t\t\t\t<li class=\"elementor-icon-list-item elementor-inline-item\">\n\t\t\t\t\t\t\t\t\t\t\t<span class=\"elementor-icon-list-icon\">\n\t\t\t\t\t\t\t<i aria-hidden=\"true\" class=\"fas fa-chart-line\"><\/i>\t\t\t\t\t\t<\/span>\n\t\t\t\t\t\t\t\t\t\t<span class=\"elementor-icon-list-text\">$10.000 (obiettivo)<\/span>\n\t\t\t\t\t\t\t\t\t<\/li>\n\t\t\t\t\t\t<\/ul>\n\t\t\t\t\t\t<\/div>\n\t\t\t\t<\/div>\n\t\t\t\t\t<\/div>\n\t\t<\/div>\n\t\t\t\t\t<\/div>\n\t\t<\/section>\n\t\t\t\t<div class=\"elementor-element elementor-element-1a14196 elementor-widget elementor-widget-text-editor\" data-id=\"1a14196\" data-element_type=\"widget\" data-widget_type=\"text-editor.default\">\n\t\t\t\t<div class=\"elementor-widget-container\">\n\t\t\t\t\t\t\t\t\t<p>La nostra organizzazione riconosce che l&#039;insicurezza finanziaria pu\u00f2 rappresentare un ostacolo importante all&#039;accesso a beni di prima necessit\u00e0 come cibo, alloggio e assistenza sanitaria. Ecco perch\u00e9 ci impegniamo a fornire assistenza finanziaria alle famiglie che hanno difficolt\u00e0 ad arrivare a fine mese. Attraverso questa campagna, puntiamo ad aiutare ad alleviare il peso della povert\u00e0 fornendo un sostegno finanziario diretto alle famiglie bisognose.\u00a0<\/p><p>Crediamo che fornendo questa assistenza, possiamo contribuire a migliorare il benessere e la qualit\u00e0 della vita di individui e comunit\u00e0 in crisi. Presso l&#039;Institute Cultural Islamic Onlus, ci impegniamo a costruire un mondo in cui tutte le persone abbiano accesso alle risorse e al supporto di cui hanno bisogno per prosperare.<\/p>\t\t\t\t\t\t\t\t<\/div>\n\t\t\t\t<\/div>\n\t\t\t\t<div class=\"elementor-element elementor-element-498e036e elementor-pagination-position-outside elementor-widget elementor-widget-image-carousel\" data-id=\"498e036e\" data-element_type=\"widget\" data-settings=\"{&quot;slides_to_show&quot;:&quot;2&quot;,&quot;slides_to_show_tablet&quot;:&quot;2&quot;,&quot;navigation&quot;:&quot;dots&quot;,&quot;slides_to_show_mobile&quot;:&quot;1&quot;,&quot;autoplay&quot;:&quot;yes&quot;,&quot;pause_on_hover&quot;:&quot;yes&quot;,&quot;pause_on_interaction&quot;:&quot;yes&quot;,&quot;autoplay_speed&quot;:5000,&quot;infinite&quot;:&quot;yes&quot;,&quot;speed&quot;:500,&quot;image_spacing_custom&quot;:{&quot;unit&quot;:&quot;px&quot;,&quot;size&quot;:20,&quot;sizes&quot;:[]},&quot;image_spacing_custom_tablet&quot;:{&quot;unit&quot;:&quot;px&quot;,&quot;size&quot;:&quot;&quot;,&quot;sizes&quot;:[]}}\" data-widget_type=\"image-carousel.default\">\n\t\t\t\t<div class=\"elementor-widget-container\">\n\t\t\t\t\t\t\t<div class=\"elementor-image-carousel-wrapper swiper\" role=\"region\" aria-roledescription=\"carousel\" aria-label=\"Carosello d&#039;immagini\" dir=\"ltr\">\n\t\t\t<div class=\"elementor-image-carousel swiper-wrapper\" aria-live=\"off\">\n\t\t\t\t\t\t\t\t<div class=\"swiper-slide\" role=\"group\" aria-roledescription=\"slide\" aria-label=\"1 di 2\"><figure class=\"swiper-slide-inner\"><img decoding=\"async\" class=\"swiper-slide-image\" src=\"https:\/\/istitutoculturaleislamicoonlus.catarat.com\/wp-content\/uploads\/2023\/03\/bill-wegener-8ldqRkOk5oo-unsplash-300x200.jpg\" alt=\"di bill-wegener-8ldqRkOk5oo-unsplash\" \/><\/figure><\/div><div class=\"swiper-slide\" role=\"group\" aria-roledescription=\"slide\" aria-label=\"2 di 2\"><figure class=\"swiper-slide-inner\"><img decoding=\"async\" class=\"swiper-slide-image\" src=\"https:\/\/istitutoculturaleislamicoonlus.catarat.com\/wp-content\/uploads\/2023\/03\/bill-wegener-P0OJbBJ1ZTM-unsplash-224x300.jpg\" alt=\"fattura-wegener-P0OJbBJ1ZTM-unsplash\" \/><\/figure><\/div>\t\t\t<\/div>\n\t\t\t\t\t\t\t\n\t\t\t\t\t\t\t\t\t<div class=\"swiper-pagination\"><\/div>\n\t\t\t\t\t\t\t\t\t<\/div>\n\t\t\t\t\t\t<\/div>\n\t\t\t\t<\/div>\n\t\t\t\t<div class=\"elementor-element elementor-element-7948b98d elementor-widget elementor-widget-heading\" data-id=\"7948b98d\" data-element_type=\"widget\" data-widget_type=\"heading.default\">\n\t\t\t\t<div class=\"elementor-widget-container\">\n\t\t\t\t\t<h2 class=\"elementor-heading-title elementor-size-default\">i nostri obiettivi principali<\/h2>\t\t\t\t<\/div>\n\t\t\t\t<\/div>\n\t\t\t\t<div class=\"elementor-element elementor-element-100819cc elementor-widget elementor-widget-text-editor\" data-id=\"100819cc\" data-element_type=\"widget\" data-widget_type=\"text-editor.default\">\n\t\t\t\t<div class=\"elementor-widget-container\">\n\t\t\t\t\t\t\t\t\t<p>I nostri obiettivi principali per la campagna Aiuto finanziario alle famiglie povere presso l&#039;Institute Cultural Islamic Onlus sono i seguenti:<\/p>\t\t\t\t\t\t\t\t<\/div>\n\t\t\t\t<\/div>\n\t\t\t\t<div class=\"elementor-element elementor-element-7dea31d4 elementor-icon-list--layout-inline elementor-list-item-link-full_width elementor-widget elementor-widget-icon-list\" data-id=\"7dea31d4\" data-element_type=\"widget\" data-widget_type=\"icon-list.default\">\n\t\t\t\t<div class=\"elementor-widget-container\">\n\t\t\t\t\t\t\t<ul class=\"elementor-icon-list-items elementor-inline-items\">\n\t\t\t\t\t\t\t<li class=\"elementor-icon-list-item elementor-inline-item\">\n\t\t\t\t\t\t\t\t\t\t\t<span class=\"elementor-icon-list-icon\">\n\t\t\t\t\t\t\t<i aria-hidden=\"true\" class=\"fas fa-check\"><\/i>\t\t\t\t\t\t<\/span>\n\t\t\t\t\t\t\t\t\t\t<span class=\"elementor-icon-list-text\">Fornire assistenza finanziaria diretta alle famiglie che hanno difficolt\u00e0 ad arrivare a fine mese.<\/span>\n\t\t\t\t\t\t\t\t\t<\/li>\n\t\t\t\t\t\t\t\t<li class=\"elementor-icon-list-item elementor-inline-item\">\n\t\t\t\t\t\t\t\t\t\t\t<span class=\"elementor-icon-list-icon\">\n\t\t\t\t\t\t\t<i aria-hidden=\"true\" class=\"fas fa-check\"><\/i>\t\t\t\t\t\t<\/span>\n\t\t\t\t\t\t\t\t\t\t<span class=\"elementor-icon-list-text\">Alleviare il peso della povert\u00e0 fornendo beni di prima necessit\u00e0 come cibo, alloggio e assistenza sanitaria alle famiglie bisognose.<\/span>\n\t\t\t\t\t\t\t\t\t<\/li>\n\t\t\t\t\t\t\t\t<li class=\"elementor-icon-list-item elementor-inline-item\">\n\t\t\t\t\t\t\t\t\t\t\t<span class=\"elementor-icon-list-icon\">\n\t\t\t\t\t\t\t<i aria-hidden=\"true\" class=\"fas fa-check\"><\/i>\t\t\t\t\t\t<\/span>\n\t\t\t\t\t\t\t\t\t\t<span class=\"elementor-icon-list-text\">Per aiutare le famiglie a ritrovare stabilit\u00e0 finanziaria e indipendenza e a spezzare il ciclo della povert\u00e0.<\/span>\n\t\t\t\t\t\t\t\t\t<\/li>\n\t\t\t\t\t\t\t\t<li class=\"elementor-icon-list-item elementor-inline-item\">\n\t\t\t\t\t\t\t\t\t\t\t<span class=\"elementor-icon-list-icon\">\n\t\t\t\t\t\t\t<i aria-hidden=\"true\" class=\"fas fa-check\"><\/i>\t\t\t\t\t\t<\/span>\n\t\t\t\t\t\t\t\t\t\t<span class=\"elementor-icon-list-text\">Promuovere la giustizia sociale e l&#039;uguaglianza fornendo assistenza finanziaria a coloro che sono pi\u00f9 nel bisogno.<\/span>\n\t\t\t\t\t\t\t\t\t<\/li>\n\t\t\t\t\t\t\t\t<li class=\"elementor-icon-list-item elementor-inline-item\">\n\t\t\t\t\t\t\t\t\t\t\t<span class=\"elementor-icon-list-icon\">\n\t\t\t\t\t\t\t<i aria-hidden=\"true\" class=\"fas fa-check\"><\/i>\t\t\t\t\t\t<\/span>\n\t\t\t\t\t\t\t\t\t\t<span class=\"elementor-icon-list-text\">Per sensibilizzare sul tema della povert\u00e0 e sul suo impatto sugli individui e sulle comunit\u00e0.<\/span>\n\t\t\t\t\t\t\t\t\t<\/li>\n\t\t\t\t\t\t\t\t<li class=\"elementor-icon-list-item elementor-inline-item\">\n\t\t\t\t\t\t\t\t\t\t\t<span class=\"elementor-icon-list-icon\">\n\t\t\t\t\t\t\t<i aria-hidden=\"true\" class=\"fas fa-check\"><\/i>\t\t\t\t\t\t<\/span>\n\t\t\t\t\t\t\t\t\t\t<span class=\"elementor-icon-list-text\">Costruire un mondo in cui tutti abbiano accesso alle risorse e al sostegno di cui hanno bisogno per prosperare, indipendentemente dal loro status socioeconomico.<\/span>\n\t\t\t\t\t\t\t\t\t<\/li>\n\t\t\t\t\t\t<\/ul>\n\t\t\t\t\t\t<\/div>\n\t\t\t\t<\/div>\n\t\t\t\t\t<\/div>\n\t\t<\/div>\n\t\t\t\t<div class=\"elementor-column elementor-col-50 elementor-inner-column elementor-element elementor-element-f0cd4e1\" data-id=\"f0cd4e1\" data-element_type=\"column\">\n\t\t\t<div class=\"elementor-widget-wrap elementor-element-populated\">\n\t\t\t\t\t\t<section class=\"elementor-section elementor-inner-section elementor-element elementor-element-6762faac elementor-section-boxed elementor-section-height-default elementor-section-height-default\" data-id=\"6762faac\" data-element_type=\"section\">\n\t\t\t\t\t\t<div class=\"elementor-container elementor-column-gap-default\">\n\t\t\t\t\t<div class=\"elementor-column elementor-col-100 elementor-inner-column elementor-element elementor-element-794c2392\" data-id=\"794c2392\" data-element_type=\"column\" data-settings=\"{&quot;background_background&quot;:&quot;classic&quot;}\">\n\t\t\t<div class=\"elementor-widget-wrap elementor-element-populated\">\n\t\t\t\t\t<div class=\"elementor-background-overlay\"><\/div>\n\t\t\t\t\t\t<div class=\"elementor-element elementor-element-2fcbaa46 elementor-widget elementor-widget-heading\" data-id=\"2fcbaa46\" data-element_type=\"widget\" data-widget_type=\"heading.default\">\n\t\t\t\t<div class=\"elementor-widget-container\">\n\t\t\t\t\t<h2 class=\"elementor-heading-title elementor-size-default\">unitevi per beneficenza<\/h2>\t\t\t\t<\/div>\n\t\t\t\t<\/div>\n\t\t\t\t<div class=\"elementor-element elementor-element-25bb8d62 elementor-widget elementor-widget-text-editor\" data-id=\"25bb8d62\" data-element_type=\"widget\" data-widget_type=\"text-editor.default\">\n\t\t\t\t<div class=\"elementor-widget-container\">\n\t\t\t\t\t\t\t\t\t<p>Miriamo a fornire l&#039;accesso all&#039;istruzione ai bambini<\/p>\t\t\t\t\t\t\t\t<\/div>\n\t\t\t\t<\/div>\n\t\t\t\t<div class=\"elementor-element elementor-element-751f483 elementor-align-center elementor-widget elementor-widget-button\" data-id=\"751f483\" data-element_type=\"widget\" data-widget_type=\"button.default\">\n\t\t\t\t<div class=\"elementor-widget-container\">\n\t\t\t\t\t\t\t\t\t<div class=\"elementor-button-wrapper\">\n\t\t\t\t\t<a class=\"elementor-button elementor-button-link elementor-size-sm\" href=\"https:\/\/buy.stripe.com\/28oeYl9sGfJn3M4fZ1\" target=\"_blank\">\n\t\t\t\t\t\t<span class=\"elementor-button-content-wrapper\">\n\t\t\t\t\t\t\t\t\t<span class=\"elementor-button-text\">Donate adesso<\/span>\n\t\t\t\t\t<\/span>\n\t\t\t\t\t<\/a>\n\t\t\t\t<\/div>\n\t\t\t\t\t\t\t\t<\/div>\n\t\t\t\t<\/div>\n\t\t\t\t\t<\/div>\n\t\t<\/div>\n\t\t\t\t\t<\/div>\n\t\t<\/section>\n\t\t\t\t<section class=\"elementor-section elementor-inner-section elementor-element elementor-element-4cb0e9ba elementor-section-boxed elementor-section-height-default elementor-section-height-default\" data-id=\"4cb0e9ba\" data-element_type=\"section\">\n\t\t\t\t\t\t<div class=\"elementor-container elementor-column-gap-default\">\n\t\t\t\t\t<div class=\"elementor-column elementor-col-100 elementor-inner-column elementor-element elementor-element-4f28746b\" data-id=\"4f28746b\" data-element_type=\"column\" data-settings=\"{&quot;background_background&quot;:&quot;classic&quot;}\">\n\t\t\t<div class=\"elementor-widget-wrap elementor-element-populated\">\n\t\t\t\t\t\t<div class=\"elementor-element elementor-element-309a09c3 elementor-widget elementor-widget-heading\" data-id=\"309a09c3\" data-element_type=\"widget\" data-widget_type=\"heading.default\">\n\t\t\t\t<div class=\"elementor-widget-container\">\n\t\t\t\t\t<h2 class=\"elementor-heading-title elementor-size-default\">pi\u00f9 campagna<\/h2>\t\t\t\t<\/div>\n\t\t\t\t<\/div>\n\t\t\t\t<div class=\"elementor-element elementor-element-516f360f elementor-position-left elementor-vertical-align-top elementor-widget elementor-widget-image-box\" data-id=\"516f360f\" data-element_type=\"widget\" data-widget_type=\"image-box.default\">\n\t\t\t\t<div class=\"elementor-widget-container\">\n\t\t\t\t\t<div class=\"elementor-image-box-wrapper\"><figure class=\"elementor-image-box-img\"><a href=\"https:\/\/istitutoculturaleislamicoonlus.catarat.com\/it\/manda-bambino-a-scuola-per-educazione\/\" tabindex=\"-1\"><img decoding=\"async\" width=\"300\" height=\"147\" src=\"https:\/\/istitutoculturaleislamicoonlus.catarat.com\/wp-content\/uploads\/2023\/03\/bosa-charity-img40-300x147.jpg\" class=\"attachment-medium size-medium wp-image-14\" alt=\"\" srcset=\"https:\/\/istitutoculturaleislamicoonlus.catarat.com\/wp-content\/uploads\/2023\/03\/bosa-charity-img40-300x147.jpg 300w, https:\/\/istitutoculturaleislamicoonlus.catarat.com\/wp-content\/uploads\/2023\/03\/bosa-charity-img40-1024x501.jpg 1024w, https:\/\/istitutoculturaleislamicoonlus.catarat.com\/wp-content\/uploads\/2023\/03\/bosa-charity-img40-768x376.jpg 768w, https:\/\/istitutoculturaleislamicoonlus.catarat.com\/wp-content\/uploads\/2023\/03\/bosa-charity-img40-1536x752.jpg 1536w, https:\/\/istitutoculturaleislamicoonlus.catarat.com\/wp-content\/uploads\/2023\/03\/bosa-charity-img40.jpg 1920w\" sizes=\"(max-width: 300px) 100vw, 300px\" \/><\/a><\/figure><div class=\"elementor-image-box-content\"><h3 class=\"elementor-image-box-title\"><a href=\"https:\/\/istitutoculturaleislamicoonlus.catarat.com\/it\/manda-bambino-a-scuola-per-educazione\/\">mandare il bambino a scuola<\/a><\/h3><p class=\"elementor-image-box-description\">Miriamo a fornire l&#039;accesso all&#039;istruzione ai bambini<\/p><\/div><\/div>\t\t\t\t<\/div>\n\t\t\t\t<\/div>\n\t\t\t\t<div class=\"elementor-element elementor-element-34e78b71 elementor-position-left elementor-vertical-align-top elementor-widget elementor-widget-image-box\" data-id=\"34e78b71\" data-element_type=\"widget\" data-widget_type=\"image-box.default\">\n\t\t\t\t<div class=\"elementor-widget-container\">\n\t\t\t\t\t<div class=\"elementor-image-box-wrapper\"><figure class=\"elementor-image-box-img\"><a href=\"#\" tabindex=\"-1\"><img decoding=\"async\" width=\"300\" height=\"166\" src=\"https:\/\/istitutoculturaleislamicoonlus.catarat.com\/wp-content\/uploads\/2023\/03\/bosa-charity-img5-1-300x166.jpg\" class=\"attachment-medium size-medium wp-image-722\" alt=\"\" srcset=\"https:\/\/istitutoculturaleislamicoonlus.catarat.com\/wp-content\/uploads\/2023\/03\/bosa-charity-img5-1-300x166.jpg 300w, https:\/\/istitutoculturaleislamicoonlus.catarat.com\/wp-content\/uploads\/2023\/03\/bosa-charity-img5-1.jpg 488w\" sizes=\"(max-width: 300px) 100vw, 300px\" \/><\/a><\/figure><div class=\"elementor-image-box-content\"><h3 class=\"elementor-image-box-title\"><a href=\"#\">raccolta fondi per i poveri<\/a><\/h3><p class=\"elementor-image-box-description\">Per fornire sostegno e assistenza a coloro che vivono in condizioni di povert\u00e0<\/p><\/div><\/div>\t\t\t\t<\/div>\n\t\t\t\t<\/div>\n\t\t\t\t<div class=\"elementor-element elementor-element-1e0e50d0 elementor-position-left elementor-vertical-align-top elementor-widget elementor-widget-image-box\" data-id=\"1e0e50d0\" data-element_type=\"widget\" data-widget_type=\"image-box.default\">\n\t\t\t\t<div class=\"elementor-widget-container\">\n\t\t\t\t\t<div class=\"elementor-image-box-wrapper\"><figure class=\"elementor-image-box-img\"><a href=\"#\" tabindex=\"-1\"><img loading=\"lazy\" decoding=\"async\" width=\"90\" height=\"70\" src=\"https:\/\/istitutoculturaleislamicoonlus.catarat.com\/wp-content\/uploads\/2023\/03\/bosa-charity-img24.jpg\" class=\"attachment-medium size-medium wp-image-747\" alt=\"\" \/><\/a><\/figure><div class=\"elementor-image-box-content\"><h3 class=\"elementor-image-box-title\"><a href=\"#\">cibo per i bisognosi<\/a><\/h3><p class=\"elementor-image-box-description\">Affrontare un bisogno umano fondamentale ed \u00e8 essenziale per<\/p><\/div><\/div>\t\t\t\t<\/div>\n\t\t\t\t<\/div>\n\t\t\t\t\t<\/div>\n\t\t<\/div>\n\t\t\t\t\t<\/div>\n\t\t<\/section>\n\t\t\t\t<section class=\"elementor-section elementor-inner-section elementor-element elementor-element-21cc6f03 elementor-section-boxed elementor-section-height-default elementor-section-height-default\" data-id=\"21cc6f03\" data-element_type=\"section\">\n\t\t\t\t\t\t<div class=\"elementor-container elementor-column-gap-default\">\n\t\t\t\t\t<div class=\"elementor-column elementor-col-100 elementor-inner-column elementor-element elementor-element-23c5754b\" data-id=\"23c5754b\" data-element_type=\"column\" data-settings=\"{&quot;background_background&quot;:&quot;classic&quot;}\">\n\t\t\t<div class=\"elementor-widget-wrap elementor-element-populated\">\n\t\t\t\t\t<div class=\"elementor-background-overlay\"><\/div>\n\t\t\t\t\t\t<div class=\"elementor-element elementor-element-58b07a54 elementor-widget elementor-widget-heading\" data-id=\"58b07a54\" data-element_type=\"widget\" data-widget_type=\"heading.default\">\n\t\t\t\t<div class=\"elementor-widget-container\">\n\t\t\t\t\t<h2 class=\"elementor-heading-title elementor-size-default\"><a href=\"#\">alzare la mano per beneficenza<\/a><\/h2>\t\t\t\t<\/div>\n\t\t\t\t<\/div>\n\t\t\t\t<div class=\"elementor-element elementor-element-2d913465 elementor-widget elementor-widget-text-editor\" data-id=\"2d913465\" data-element_type=\"widget\" data-widget_type=\"text-editor.default\">\n\t\t\t\t<div class=\"elementor-widget-container\">\n\t\t\t\t\t\t\t\t\t<p>Un modo efficace per mostrare il tuo sostegno a una causa e fare la differenza nella vita di chi ne ha bisogno.<\/p>\t\t\t\t\t\t\t\t<\/div>\n\t\t\t\t<\/div>\n\t\t\t\t<div class=\"elementor-element elementor-element-5523fcc8 elementor-widget elementor-widget-shortcode\" data-id=\"5523fcc8\" data-element_type=\"widget\" id=\"bosa-ngo-callback-form\" data-widget_type=\"shortcode.default\">\n\t\t\t\t<div class=\"elementor-widget-container\">\n\t\t\t\t\t\t\t<div class=\"elementor-shortcode\"><p class=\"wpcf7-contact-form-not-found\"><strong>Errore:<\/strong> Modulo di contatto non trovato.<\/p><\/div>\n\t\t\t\t\t\t<\/div>\n\t\t\t\t<\/div>\n\t\t\t\t\t<\/div>\n\t\t<\/div>\n\t\t\t\t\t<\/div>\n\t\t<\/section>\n\t\t\t\t\t<\/div>\n\t\t<\/div>\n\t\t\t\t\t<\/div>\n\t\t<\/section>\n\t\t\t\t\t<\/div>\n\t\t<\/div>\n\t\t\t\t\t<\/div>\n\t\t<\/section>\n\t\t\t\t<\/div>","protected":false},"excerpt":{"rendered":"<p>Campaign detail Financial Help For Poor Families raised funds 70% 70% raised $10,000 (goal) Our organization recognizes that financial insecurity can be a major barrier to accessing basic necessities such as food, shelter, and healthcare. That&#8217;s why we are committed to providing financial assistance to families who are struggling to make ends meet. Through this campaign, we aim to help [&hellip;]<\/p>","protected":false},"author":1,"featured_media":0,"parent":0,"menu_order":0,"comment_status":"closed","ping_status":"closed","template":"elementor_header_footer","meta":{"footnotes":""},"_links":{"self":[{"href":"https:\/\/istitutoculturaleislamicoonlus.catarat.com\/it\/wp-json\/wp\/v2\/pages\/742"}],"collection":[{"href":"https:\/\/istitutoculturaleislamicoonlus.catarat.com\/it\/wp-json\/wp\/v2\/pages"}],"about":[{"href":"https:\/\/istitutoculturaleislamicoonlus.catarat.com\/it\/wp-json\/wp\/v2\/types\/page"}],"author":[{"embeddable":true,"href":"https:\/\/istitutoculturaleislamicoonlus.catarat.com\/it\/wp-json\/wp\/v2\/users\/1"}],"replies":[{"embeddable":true,"href":"https:\/\/istitutoculturaleislamicoonlus.catarat.com\/it\/wp-json\/wp\/v2\/comments?post=742"}],"version-history":[{"count":51,"href":"https:\/\/istitutoculturaleislamicoonlus.catarat.com\/it\/wp-json\/wp\/v2\/pages\/742\/revisions"}],"predecessor-version":[{"id":1739,"href":"https:\/\/istitutoculturaleislamicoonlus.catarat.com\/it\/wp-json\/wp\/v2\/pages\/742\/revisions\/1739"}],"wp:attachment":[{"href":"https:\/\/istitutoculturaleislamicoonlus.catarat.com\/it\/wp-json\/wp\/v2\/media?parent=742"}],"curies":[{"name":"wp","href":"https:\/\/api.w.org\/{rel}","templated":true}]}}