{"id":1603,"date":"2023-03-19T21:02:24","date_gmt":"2023-03-19T21:02:24","guid":{"rendered":"https:\/\/istitutoculturaleislamicoonlus.catarat.com\/?page_id=1603"},"modified":"2023-03-19T22:48:30","modified_gmt":"2023-03-19T22:48:30","slug":"poor-peoples-donation-campaign","status":"publish","type":"page","link":"https:\/\/istitutoculturaleislamicoonlus.catarat.com\/it\/campagna-di-donazioni-dei-poveri\/","title":{"rendered":"Campagna di donazioni per i poveri"},"content":{"rendered":"<div data-elementor-type=\"wp-page\" data-elementor-id=\"1603\" class=\"elementor elementor-1603\">\n\t\t\t\t\t\t<section class=\"elementor-section elementor-top-section elementor-element elementor-element-2f6838be elementor-section-boxed elementor-section-height-default elementor-section-height-default\" data-id=\"2f6838be\" data-element_type=\"section\" data-settings=\"{&quot;background_background&quot;:&quot;classic&quot;}\">\n\t\t\t\t\t\t\t<div class=\"elementor-background-overlay\"><\/div>\n\t\t\t\t\t\t\t<div class=\"elementor-container elementor-column-gap-default\">\n\t\t\t\t\t<div class=\"elementor-column elementor-col-100 elementor-top-column elementor-element elementor-element-1c165eb5\" data-id=\"1c165eb5\" data-element_type=\"column\">\n\t\t\t<div class=\"elementor-widget-wrap elementor-element-populated\">\n\t\t\t\t\t\t<div class=\"elementor-element elementor-element-23889c52 elementor-widget elementor-widget-heading\" data-id=\"23889c52\" data-element_type=\"widget\" data-widget_type=\"heading.default\">\n\t\t\t\t<div class=\"elementor-widget-container\">\n\t\t\t\t\t<h2 class=\"elementor-heading-title elementor-size-default\">dettagli dell&#039;evento<\/h2>\t\t\t\t<\/div>\n\t\t\t\t<\/div>\n\t\t\t\t\t<\/div>\n\t\t<\/div>\n\t\t\t\t\t<\/div>\n\t\t<\/section>\n\t\t\t\t<section class=\"elementor-section elementor-top-section elementor-element elementor-element-61e61b5c elementor-section-boxed elementor-section-height-default elementor-section-height-default\" data-id=\"61e61b5c\" data-element_type=\"section\">\n\t\t\t\t\t\t<div class=\"elementor-container elementor-column-gap-default\">\n\t\t\t\t\t<div class=\"elementor-column elementor-col-100 elementor-top-column elementor-element elementor-element-11ddc0d1\" data-id=\"11ddc0d1\" data-element_type=\"column\">\n\t\t\t<div class=\"elementor-widget-wrap elementor-element-populated\">\n\t\t\t\t\t\t<section class=\"elementor-section elementor-inner-section elementor-element elementor-element-3fc3f863 elementor-section-boxed elementor-section-height-default elementor-section-height-default\" data-id=\"3fc3f863\" data-element_type=\"section\">\n\t\t\t\t\t\t<div class=\"elementor-container elementor-column-gap-default\">\n\t\t\t\t\t<div class=\"elementor-column elementor-col-50 elementor-inner-column elementor-element elementor-element-6b5969c4\" data-id=\"6b5969c4\" data-element_type=\"column\">\n\t\t\t<div class=\"elementor-widget-wrap elementor-element-populated\">\n\t\t\t\t\t\t<div class=\"elementor-element elementor-element-423d606b elementor-widget elementor-widget-heading\" data-id=\"423d606b\" data-element_type=\"widget\" data-widget_type=\"heading.default\">\n\t\t\t\t<div class=\"elementor-widget-container\">\n\t\t\t\t\t<h2 class=\"elementor-heading-title elementor-size-default\"><a href=\"#\">Campagna di donazioni per i poveri<\/a><\/h2>\t\t\t\t<\/div>\n\t\t\t\t<\/div>\n\t\t\t\t<section class=\"elementor-section elementor-inner-section elementor-element elementor-element-5d20e3df elementor-section-boxed elementor-section-height-default elementor-section-height-default\" data-id=\"5d20e3df\" data-element_type=\"section\" data-settings=\"{&quot;background_background&quot;:&quot;classic&quot;}\">\n\t\t\t\t\t\t<div class=\"elementor-container elementor-column-gap-default\">\n\t\t\t\t\t<div class=\"elementor-column elementor-col-50 elementor-inner-column elementor-element elementor-element-76664070\" data-id=\"76664070\" data-element_type=\"column\">\n\t\t\t<div class=\"elementor-widget-wrap elementor-element-populated\">\n\t\t\t\t\t\t<div class=\"elementor-element elementor-element-271f4162 elementor-widget elementor-widget-spacer\" data-id=\"271f4162\" data-element_type=\"widget\" data-widget_type=\"spacer.default\">\n\t\t\t\t<div class=\"elementor-widget-container\">\n\t\t\t\t\t\t\t<div class=\"elementor-spacer\">\n\t\t\t<div class=\"elementor-spacer-inner\"><\/div>\n\t\t<\/div>\n\t\t\t\t\t\t<\/div>\n\t\t\t\t<\/div>\n\t\t\t\t\t<\/div>\n\t\t<\/div>\n\t\t\t\t<div class=\"elementor-column elementor-col-50 elementor-inner-column elementor-element elementor-element-48e0a4a4\" data-id=\"48e0a4a4\" data-element_type=\"column\" data-settings=\"{&quot;background_background&quot;:&quot;classic&quot;}\">\n\t\t\t<div class=\"elementor-widget-wrap elementor-element-populated\">\n\t\t\t\t\t\t<div class=\"elementor-element elementor-element-1938aa58 elementor-widget elementor-widget-sina_countdown\" data-id=\"1938aa58\" data-element_type=\"widget\" data-widget_type=\"sina_countdown.default\">\n\t\t\t\t<div class=\"elementor-widget-container\">\n\t\t\t\t\t\t\t<div class=\"sina-countdown\"\r\n\t\tdata-time=\"2021-05-29 09:04\"\r\n\t\tdata-text=\"yes\"\r\n\t\tdata-link=\"\"\r\n\t\tdata-message=\"Countdown is finished!\">\r\n\t\t\t\t\t<\/div><!-- .sina-countdown -->\r\n\t\t\t\t\t\t<\/div>\n\t\t\t\t<\/div>\n\t\t\t\t\t<\/div>\n\t\t<\/div>\n\t\t\t\t\t<\/div>\n\t\t<\/section>\n\t\t\t\t<div class=\"elementor-element elementor-element-44d7cfd9 elementor-widget elementor-widget-text-editor\" data-id=\"44d7cfd9\" data-element_type=\"widget\" data-widget_type=\"text-editor.default\">\n\t\t\t\t<div class=\"elementor-widget-container\">\n\t\t\t\t\t\t\t\t\t<p>La campagna di donazione dei poveri \u00e8 una delle iniziative cardine dell&#039;Istituto Culturale Islamico Onlus, che mira a fornire aiuto e sostegno alle persone bisognose, in particolare a quelle che vivono in condizioni di povert\u00e0. La nostra organizzazione riconosce che la povert\u00e0 \u00e8 un problema complesso e sfaccettato che colpisce milioni di persone in tutto il mondo e ci impegniamo ad affrontare questa sfida in modo sostenibile ed efficace.<\/p><p>Attraverso la campagna per le donazioni dei poveri, cerchiamo di raccogliere fondi e sensibilizzare per una serie di progetti e iniziative che si concentrano sull&#039;alleviamento della povert\u00e0 e sul miglioramento del benessere degli individui e delle comunit\u00e0. I nostri sforzi includono fornire assistenza finanziaria alle famiglie povere, sostenere l&#039;istruzione e la formazione professionale per bambini e giovani e garantire l&#039;accesso all&#039;acqua pulita e alla nutrizione per chi ne ha bisogno.<\/p><p>Al centro della nostra campagna c&#039;\u00e8 un profondo impegno per la giustizia sociale e la compassione per coloro che stanno lottando. Donando alla nostra campagna, entri a far parte di una comunit\u00e0 di persone che la pensano allo stesso modo e che si dedicano ad avere un impatto positivo sul mondo. Insieme, possiamo costruire una societ\u00e0 pi\u00f9 equa e giusta, in cui tutti abbiano l&#039;opportunit\u00e0 di prosperare e raggiungere il loro pieno potenziale.<\/p>\t\t\t\t\t\t\t\t<\/div>\n\t\t\t\t<\/div>\n\t\t\t\t\t<\/div>\n\t\t<\/div>\n\t\t\t\t<div class=\"elementor-column elementor-col-50 elementor-inner-column elementor-element elementor-element-675fc865\" data-id=\"675fc865\" data-element_type=\"column\">\n\t\t\t<div class=\"elementor-widget-wrap elementor-element-populated\">\n\t\t\t\t\t\t<section class=\"elementor-section elementor-inner-section elementor-element elementor-element-199e06ca elementor-section-boxed elementor-section-height-default elementor-section-height-default\" data-id=\"199e06ca\" data-element_type=\"section\">\n\t\t\t\t\t\t<div class=\"elementor-container elementor-column-gap-default\">\n\t\t\t\t\t<div class=\"elementor-column elementor-col-100 elementor-inner-column elementor-element elementor-element-7d35e500\" data-id=\"7d35e500\" data-element_type=\"column\" data-settings=\"{&quot;background_background&quot;:&quot;classic&quot;}\">\n\t\t\t<div class=\"elementor-widget-wrap elementor-element-populated\">\n\t\t\t\t\t\t<div class=\"elementor-element elementor-element-297f7794 elementor-widget elementor-widget-heading\" data-id=\"297f7794\" data-element_type=\"widget\" data-widget_type=\"heading.default\">\n\t\t\t\t<div class=\"elementor-widget-container\">\n\t\t\t\t\t<h2 class=\"elementor-heading-title elementor-size-default\"><a href=\"#\">dettagli degli eventi<\/a><\/h2>\t\t\t\t<\/div>\n\t\t\t\t<\/div>\n\t\t\t\t<div class=\"elementor-element elementor-element-3a712491 elementor-icon-list--layout-traditional elementor-list-item-link-full_width elementor-widget elementor-widget-icon-list\" data-id=\"3a712491\" data-element_type=\"widget\" data-widget_type=\"icon-list.default\">\n\t\t\t\t<div class=\"elementor-widget-container\">\n\t\t\t\t\t\t\t<ul class=\"elementor-icon-list-items\">\n\t\t\t\t\t\t\t<li class=\"elementor-icon-list-item\">\n\t\t\t\t\t\t\t\t\t\t\t<span class=\"elementor-icon-list-icon\">\n\t\t\t\t\t\t\t<i aria-hidden=\"true\" class=\"fas fa-stopwatch\"><\/i>\t\t\t\t\t\t<\/span>\n\t\t\t\t\t\t\t\t\t\t<span class=\"elementor-icon-list-text\"><strong>tempo di partenza<\/strong>: dalle 11:00 alle 14:00<\/span>\n\t\t\t\t\t\t\t\t\t<\/li>\n\t\t\t\t\t\t\t\t<li class=\"elementor-icon-list-item\">\n\t\t\t\t\t\t\t\t\t\t\t<span class=\"elementor-icon-list-icon\">\n\t\t\t\t\t\t\t<i aria-hidden=\"true\" class=\"far fa-calendar-alt\"><\/i>\t\t\t\t\t\t<\/span>\n\t\t\t\t\t\t\t\t\t\t<span class=\"elementor-icon-list-text\"><strong>data dell&#039;evento<\/strong>: 15 maggio 2023<\/span>\n\t\t\t\t\t\t\t\t\t<\/li>\n\t\t\t\t\t\t\t\t<li class=\"elementor-icon-list-item\">\n\t\t\t\t\t\t\t\t\t\t\t<span class=\"elementor-icon-list-icon\">\n\t\t\t\t\t\t\t<i aria-hidden=\"true\" class=\"fas fa-phone-square-alt\"><\/i>\t\t\t\t\t\t<\/span>\n\t\t\t\t\t\t\t\t\t\t<span class=\"elementor-icon-list-text\"><strong>Numero di telefono<\/strong>:  00390266802999<\/span>\n\t\t\t\t\t\t\t\t\t<\/li>\n\t\t\t\t\t\t\t\t<li class=\"elementor-icon-list-item\">\n\t\t\t\t\t\t\t\t\t\t\t<span class=\"elementor-icon-list-icon\">\n\t\t\t\t\t\t\t<i aria-hidden=\"true\" class=\"fas fa-map-marker-alt\"><\/i>\t\t\t\t\t\t<\/span>\n\t\t\t\t\t\t\t\t\t\t<span class=\"elementor-icon-list-text\"><strong>posizione dell&#039;indirizzo<\/strong>: Viale Edoardo Jenner, 50, 20159 Milano MI<\/span>\n\t\t\t\t\t\t\t\t\t<\/li>\n\t\t\t\t\t\t<\/ul>\n\t\t\t\t\t\t<\/div>\n\t\t\t\t<\/div>\n\t\t\t\t\t<\/div>\n\t\t<\/div>\n\t\t\t\t\t<\/div>\n\t\t<\/section>\n\t\t\t\t<div class=\"elementor-element elementor-element-66c5f9b0 elementor-widget elementor-widget-html\" data-id=\"66c5f9b0\" data-element_type=\"widget\" data-widget_type=\"html.default\">\n\t\t\t\t<div class=\"elementor-widget-container\">\n\t\t\t\t\t<iframe src=\"https:\/\/www.google.com\/maps\/embed?pb=!1m18!1m12!1m3!1d2796.6462213364184!2d9.17312131537682!3d45.497068479101415!2m3!1f0!2f0!3f0!3m2!1i1024!2i768!4f13.1!3m3!1m2!1s0x4786c1209f66c9d9%3A0x9a7222d6384e1810!2sIslamic%20Cultural%20Institute%20Onlus!5e0!3m2!1sen!2sit!4v1679258505775!5m2!1sen!2sit\" width=\"600\" height=\"350\" style=\"border:0;\" allowfullscreen=\"\" loading=\"lazy\" referrerpolicy=\"no-referrer-when-downgrade\"><\/iframe>\t\t\t\t<\/div>\n\t\t\t\t<\/div>\n\t\t\t\t<section class=\"elementor-section elementor-inner-section elementor-element elementor-element-973643a elementor-section-boxed elementor-section-height-default elementor-section-height-default\" data-id=\"973643a\" data-element_type=\"section\">\n\t\t\t\t\t\t<div class=\"elementor-container elementor-column-gap-default\">\n\t\t\t\t\t<div class=\"elementor-column elementor-col-100 elementor-inner-column elementor-element elementor-element-25d206dd\" data-id=\"25d206dd\" data-element_type=\"column\" data-settings=\"{&quot;background_background&quot;:&quot;classic&quot;}\">\n\t\t\t<div class=\"elementor-widget-wrap elementor-element-populated\">\n\t\t\t\t\t<div class=\"elementor-background-overlay\"><\/div>\n\t\t\t\t\t\t<div class=\"elementor-element elementor-element-69b5c594 elementor-widget elementor-widget-heading\" data-id=\"69b5c594\" data-element_type=\"widget\" data-widget_type=\"heading.default\">\n\t\t\t\t<div class=\"elementor-widget-container\">\n\t\t\t\t\t<h2 class=\"elementor-heading-title elementor-size-default\"><a href=\"#\">unitevi per beneficenza<\/a><\/h2>\t\t\t\t<\/div>\n\t\t\t\t<\/div>\n\t\t\t\t<div class=\"elementor-element elementor-element-b8d44a7 elementor-widget elementor-widget-text-editor\" data-id=\"b8d44a7\" data-element_type=\"widget\" data-widget_type=\"text-editor.default\">\n\t\t\t\t<div class=\"elementor-widget-container\">\n\t\t\t\t\t\t\t\t\t<p>Incoraggiare gli individui e le organizzazioni a riunirsi e ad avere un impatto positivo sul mondo.<\/p>\t\t\t\t\t\t\t\t<\/div>\n\t\t\t\t<\/div>\n\t\t\t\t<div class=\"elementor-element elementor-element-5472e33a elementor-align-center elementor-widget elementor-widget-button\" data-id=\"5472e33a\" data-element_type=\"widget\" data-widget_type=\"button.default\">\n\t\t\t\t<div class=\"elementor-widget-container\">\n\t\t\t\t\t\t\t\t\t<div class=\"elementor-button-wrapper\">\n\t\t\t\t\t<a class=\"elementor-button elementor-button-link elementor-size-sm\" href=\"https:\/\/buy.stripe.com\/bIYeYl48m40FciAfZ2\" target=\"_blank\">\n\t\t\t\t\t\t<span class=\"elementor-button-content-wrapper\">\n\t\t\t\t\t\t\t\t\t<span class=\"elementor-button-text\">Donate adesso<\/span>\n\t\t\t\t\t<\/span>\n\t\t\t\t\t<\/a>\n\t\t\t\t<\/div>\n\t\t\t\t\t\t\t\t<\/div>\n\t\t\t\t<\/div>\n\t\t\t\t\t<\/div>\n\t\t<\/div>\n\t\t\t\t\t<\/div>\n\t\t<\/section>\n\t\t\t\t\t<\/div>\n\t\t<\/div>\n\t\t\t\t\t<\/div>\n\t\t<\/section>\n\t\t\t\t\t<\/div>\n\t\t<\/div>\n\t\t\t\t\t<\/div>\n\t\t<\/section>\n\t\t\t\t<\/div>","protected":false},"excerpt":{"rendered":"<p>event details Poor People\u2019s donation Campaign The Poor People&#8217;s Donation Campaign is one of the key initiatives of the Institute Cultural Islamic Onlus, which aims to provide help and support to people in need, especially those who are living in poverty. Our organization recognizes that poverty is a complex and multifaceted issue that affects millions of people around the world, [&hellip;]<\/p>","protected":false},"author":1,"featured_media":0,"parent":0,"menu_order":0,"comment_status":"closed","ping_status":"closed","template":"elementor_header_footer","meta":{"footnotes":""},"_links":{"self":[{"href":"https:\/\/istitutoculturaleislamicoonlus.catarat.com\/it\/wp-json\/wp\/v2\/pages\/1603"}],"collection":[{"href":"https:\/\/istitutoculturaleislamicoonlus.catarat.com\/it\/wp-json\/wp\/v2\/pages"}],"about":[{"href":"https:\/\/istitutoculturaleislamicoonlus.catarat.com\/it\/wp-json\/wp\/v2\/types\/page"}],"author":[{"embeddable":true,"href":"https:\/\/istitutoculturaleislamicoonlus.catarat.com\/it\/wp-json\/wp\/v2\/users\/1"}],"replies":[{"embeddable":true,"href":"https:\/\/istitutoculturaleislamicoonlus.catarat.com\/it\/wp-json\/wp\/v2\/comments?post=1603"}],"version-history":[{"count":7,"href":"https:\/\/istitutoculturaleislamicoonlus.catarat.com\/it\/wp-json\/wp\/v2\/pages\/1603\/revisions"}],"predecessor-version":[{"id":1746,"href":"https:\/\/istitutoculturaleislamicoonlus.catarat.com\/it\/wp-json\/wp\/v2\/pages\/1603\/revisions\/1746"}],"wp:attachment":[{"href":"https:\/\/istitutoculturaleislamicoonlus.catarat.com\/it\/wp-json\/wp\/v2\/media?parent=1603"}],"curies":[{"name":"wp","href":"https:\/\/api.w.org\/{rel}","templated":true}]}}