{"id":1586,"date":"2023-03-19T20:56:15","date_gmt":"2023-03-19T20:56:15","guid":{"rendered":"https:\/\/istitutoculturaleislamicoonlus.catarat.com\/?page_id=1586"},"modified":"2023-03-19T22:52:54","modified_gmt":"2023-03-19T22:52:54","slug":"boosting-social-chariy-ngos","status":"publish","type":"page","link":"https:\/\/istitutoculturaleislamicoonlus.catarat.com\/it\/potenziamento-sociale-caritatevole-ong\/","title":{"rendered":"Promuovere le ONG di beneficenza sociale"},"content":{"rendered":"<div data-elementor-type=\"wp-page\" data-elementor-id=\"1586\" class=\"elementor elementor-1586\">\n\t\t\t\t\t\t<section class=\"elementor-section elementor-top-section elementor-element elementor-element-5981531 elementor-section-boxed elementor-section-height-default elementor-section-height-default\" data-id=\"5981531\" data-element_type=\"section\" data-settings=\"{&quot;background_background&quot;:&quot;classic&quot;}\">\n\t\t\t\t\t\t\t<div class=\"elementor-background-overlay\"><\/div>\n\t\t\t\t\t\t\t<div class=\"elementor-container elementor-column-gap-default\">\n\t\t\t\t\t<div class=\"elementor-column elementor-col-100 elementor-top-column elementor-element elementor-element-786c505a\" data-id=\"786c505a\" data-element_type=\"column\">\n\t\t\t<div class=\"elementor-widget-wrap elementor-element-populated\">\n\t\t\t\t\t\t<div class=\"elementor-element elementor-element-350e0354 elementor-widget elementor-widget-heading\" data-id=\"350e0354\" data-element_type=\"widget\" data-widget_type=\"heading.default\">\n\t\t\t\t<div class=\"elementor-widget-container\">\n\t\t\t\t\t<h2 class=\"elementor-heading-title elementor-size-default\">dettagli dell&#039;evento<\/h2>\t\t\t\t<\/div>\n\t\t\t\t<\/div>\n\t\t\t\t\t<\/div>\n\t\t<\/div>\n\t\t\t\t\t<\/div>\n\t\t<\/section>\n\t\t\t\t<section class=\"elementor-section elementor-top-section elementor-element elementor-element-2dd01df0 elementor-section-boxed elementor-section-height-default elementor-section-height-default\" data-id=\"2dd01df0\" data-element_type=\"section\">\n\t\t\t\t\t\t<div class=\"elementor-container elementor-column-gap-default\">\n\t\t\t\t\t<div class=\"elementor-column elementor-col-100 elementor-top-column elementor-element elementor-element-5de723ce\" data-id=\"5de723ce\" data-element_type=\"column\">\n\t\t\t<div class=\"elementor-widget-wrap elementor-element-populated\">\n\t\t\t\t\t\t<section class=\"elementor-section elementor-inner-section elementor-element elementor-element-15e90ef3 elementor-section-boxed elementor-section-height-default elementor-section-height-default\" data-id=\"15e90ef3\" data-element_type=\"section\">\n\t\t\t\t\t\t<div class=\"elementor-container elementor-column-gap-default\">\n\t\t\t\t\t<div class=\"elementor-column elementor-col-50 elementor-inner-column elementor-element elementor-element-72f22d28\" data-id=\"72f22d28\" data-element_type=\"column\">\n\t\t\t<div class=\"elementor-widget-wrap elementor-element-populated\">\n\t\t\t\t\t\t<div class=\"elementor-element elementor-element-5340a463 elementor-widget elementor-widget-heading\" data-id=\"5340a463\" data-element_type=\"widget\" data-widget_type=\"heading.default\">\n\t\t\t\t<div class=\"elementor-widget-container\">\n\t\t\t\t\t<h2 class=\"elementor-heading-title elementor-size-default\"><a href=\"#\">Promuovere le ONG di beneficenza sociale<\/a><\/h2>\t\t\t\t<\/div>\n\t\t\t\t<\/div>\n\t\t\t\t<section class=\"elementor-section elementor-inner-section elementor-element elementor-element-467d5c03 elementor-section-boxed elementor-section-height-default elementor-section-height-default\" data-id=\"467d5c03\" data-element_type=\"section\" data-settings=\"{&quot;background_background&quot;:&quot;classic&quot;}\">\n\t\t\t\t\t\t<div class=\"elementor-container elementor-column-gap-default\">\n\t\t\t\t\t<div class=\"elementor-column elementor-col-50 elementor-inner-column elementor-element elementor-element-301f9788\" data-id=\"301f9788\" data-element_type=\"column\">\n\t\t\t<div class=\"elementor-widget-wrap elementor-element-populated\">\n\t\t\t\t\t\t<div class=\"elementor-element elementor-element-1e146f07 elementor-widget elementor-widget-spacer\" data-id=\"1e146f07\" data-element_type=\"widget\" data-widget_type=\"spacer.default\">\n\t\t\t\t<div class=\"elementor-widget-container\">\n\t\t\t\t\t\t\t<div class=\"elementor-spacer\">\n\t\t\t<div class=\"elementor-spacer-inner\"><\/div>\n\t\t<\/div>\n\t\t\t\t\t\t<\/div>\n\t\t\t\t<\/div>\n\t\t\t\t\t<\/div>\n\t\t<\/div>\n\t\t\t\t<div class=\"elementor-column elementor-col-50 elementor-inner-column elementor-element elementor-element-39499807\" data-id=\"39499807\" data-element_type=\"column\" data-settings=\"{&quot;background_background&quot;:&quot;classic&quot;}\">\n\t\t\t<div class=\"elementor-widget-wrap elementor-element-populated\">\n\t\t\t\t\t\t<div class=\"elementor-element elementor-element-556a97ac elementor-widget elementor-widget-sina_countdown\" data-id=\"556a97ac\" data-element_type=\"widget\" data-widget_type=\"sina_countdown.default\">\n\t\t\t\t<div class=\"elementor-widget-container\">\n\t\t\t\t\t\t\t<div class=\"sina-countdown\"\r\n\t\tdata-time=\"2021-05-29 09:04\"\r\n\t\tdata-text=\"yes\"\r\n\t\tdata-link=\"\"\r\n\t\tdata-message=\"Countdown is finished!\">\r\n\t\t\t\t\t<\/div><!-- .sina-countdown -->\r\n\t\t\t\t\t\t<\/div>\n\t\t\t\t<\/div>\n\t\t\t\t\t<\/div>\n\t\t<\/div>\n\t\t\t\t\t<\/div>\n\t\t<\/section>\n\t\t\t\t<div class=\"elementor-element elementor-element-11864701 elementor-widget elementor-widget-text-editor\" data-id=\"11864701\" data-element_type=\"widget\" data-widget_type=\"text-editor.default\">\n\t\t\t\t<div class=\"elementor-widget-container\">\n\t\t\t\t\t\t\t\t\t<p>Presso Institute Cultural Islamic Onlus, riconosciamo l&#039;importante ruolo svolto dalle ONG di beneficenza sociale nell&#039;affrontare i problemi sociali e fornire aiuti a chi \u00e8 nel bisogno. Crediamo che sostenendo e potenziando queste organizzazioni, possiamo avere un impatto significativo sulla vita dei meno fortunati nelle nostre comunit\u00e0. Lavoriamo per fornire varie forme di supporto, tra cui aiuti finanziari, reclutamento di volontari e assistenza tecnica, a queste ONG in modo che possano svolgere le loro attivit\u00e0 di beneficenza in modo efficiente ed efficace.<\/p><p>Attraverso il nostro lavoro, miriamo ad aiutare le ONG di beneficenza sociale ad ampliare la loro portata, aumentare il loro impatto e costruire capacit\u00e0 a lungo termine. Lo facciamo stringendo solide partnership e collaborazioni con queste organizzazioni, fornendo loro accesso alla nostra rete di risorse e donatori e consentendo loro di svolgere il loro lavoro in modo sostenibile. Il nostro obiettivo finale \u00e8 creare una societ\u00e0 pi\u00f9 compassionevole ed equa, in cui tutti abbiano accesso a beni di prima necessit\u00e0 come cibo, alloggio, istruzione e assistenza sanitaria.<\/p><p>Collaborando con noi, le ONG di beneficenza sociale possono trarre vantaggio dalla nostra competenza e dalle nostre risorse e sfruttare la nostra piattaforma per amplificare il loro impatto. Insieme, possiamo lavorare per costruire un mondo pi\u00f9 giusto ed equo, in cui povert\u00e0 e ingiustizia sociale siano un ricordo del passato.<\/p>\t\t\t\t\t\t\t\t<\/div>\n\t\t\t\t<\/div>\n\t\t\t\t\t<\/div>\n\t\t<\/div>\n\t\t\t\t<div class=\"elementor-column elementor-col-50 elementor-inner-column elementor-element elementor-element-699e7e6c\" data-id=\"699e7e6c\" data-element_type=\"column\">\n\t\t\t<div class=\"elementor-widget-wrap elementor-element-populated\">\n\t\t\t\t\t\t<section class=\"elementor-section elementor-inner-section elementor-element elementor-element-41ad8eb9 elementor-section-boxed elementor-section-height-default elementor-section-height-default\" data-id=\"41ad8eb9\" data-element_type=\"section\">\n\t\t\t\t\t\t<div class=\"elementor-container elementor-column-gap-default\">\n\t\t\t\t\t<div class=\"elementor-column elementor-col-100 elementor-inner-column elementor-element elementor-element-16d47ff2\" data-id=\"16d47ff2\" data-element_type=\"column\" data-settings=\"{&quot;background_background&quot;:&quot;classic&quot;}\">\n\t\t\t<div class=\"elementor-widget-wrap elementor-element-populated\">\n\t\t\t\t\t\t<div class=\"elementor-element elementor-element-7d34d584 elementor-widget elementor-widget-heading\" data-id=\"7d34d584\" data-element_type=\"widget\" data-widget_type=\"heading.default\">\n\t\t\t\t<div class=\"elementor-widget-container\">\n\t\t\t\t\t<h2 class=\"elementor-heading-title elementor-size-default\"><a href=\"#\">dettagli degli eventi<\/a><\/h2>\t\t\t\t<\/div>\n\t\t\t\t<\/div>\n\t\t\t\t<div class=\"elementor-element elementor-element-13c733d0 elementor-icon-list--layout-traditional elementor-list-item-link-full_width elementor-widget elementor-widget-icon-list\" data-id=\"13c733d0\" data-element_type=\"widget\" data-widget_type=\"icon-list.default\">\n\t\t\t\t<div class=\"elementor-widget-container\">\n\t\t\t\t\t\t\t<ul class=\"elementor-icon-list-items\">\n\t\t\t\t\t\t\t<li class=\"elementor-icon-list-item\">\n\t\t\t\t\t\t\t\t\t\t\t<span class=\"elementor-icon-list-icon\">\n\t\t\t\t\t\t\t<i aria-hidden=\"true\" class=\"fas fa-stopwatch\"><\/i>\t\t\t\t\t\t<\/span>\n\t\t\t\t\t\t\t\t\t\t<span class=\"elementor-icon-list-text\"><strong>tempo di partenza<\/strong>: dalle 10:00 alle 14:30<\/span>\n\t\t\t\t\t\t\t\t\t<\/li>\n\t\t\t\t\t\t\t\t<li class=\"elementor-icon-list-item\">\n\t\t\t\t\t\t\t\t\t\t\t<span class=\"elementor-icon-list-icon\">\n\t\t\t\t\t\t\t<i aria-hidden=\"true\" class=\"far fa-calendar-alt\"><\/i>\t\t\t\t\t\t<\/span>\n\t\t\t\t\t\t\t\t\t\t<span class=\"elementor-icon-list-text\"><strong>data dell&#039;evento<\/strong>: 20 giugno 2023<\/span>\n\t\t\t\t\t\t\t\t\t<\/li>\n\t\t\t\t\t\t\t\t<li class=\"elementor-icon-list-item\">\n\t\t\t\t\t\t\t\t\t\t\t<span class=\"elementor-icon-list-icon\">\n\t\t\t\t\t\t\t<i aria-hidden=\"true\" class=\"fas fa-phone-square-alt\"><\/i>\t\t\t\t\t\t<\/span>\n\t\t\t\t\t\t\t\t\t\t<span class=\"elementor-icon-list-text\"><strong>Numero di telefono<\/strong>:  00390266802999<\/span>\n\t\t\t\t\t\t\t\t\t<\/li>\n\t\t\t\t\t\t\t\t<li class=\"elementor-icon-list-item\">\n\t\t\t\t\t\t\t\t\t\t\t<span class=\"elementor-icon-list-icon\">\n\t\t\t\t\t\t\t<i aria-hidden=\"true\" class=\"fas fa-map-marker-alt\"><\/i>\t\t\t\t\t\t<\/span>\n\t\t\t\t\t\t\t\t\t\t<span class=\"elementor-icon-list-text\"><strong>posizione dell&#039;indirizzo<\/strong>: Viale Edoardo Jenner, 50, 20159 Milano MI<\/span>\n\t\t\t\t\t\t\t\t\t<\/li>\n\t\t\t\t\t\t<\/ul>\n\t\t\t\t\t\t<\/div>\n\t\t\t\t<\/div>\n\t\t\t\t\t<\/div>\n\t\t<\/div>\n\t\t\t\t\t<\/div>\n\t\t<\/section>\n\t\t\t\t<div class=\"elementor-element elementor-element-7539343c elementor-widget elementor-widget-html\" data-id=\"7539343c\" data-element_type=\"widget\" data-widget_type=\"html.default\">\n\t\t\t\t<div class=\"elementor-widget-container\">\n\t\t\t\t\t<iframe src=\"https:\/\/www.google.com\/maps\/embed?pb=!1m18!1m12!1m3!1d2796.6462213364184!2d9.17312131537682!3d45.497068479101415!2m3!1f0!2f0!3f0!3m2!1i1024!2i768!4f13.1!3m3!1m2!1s0x4786c1209f66c9d9%3A0x9a7222d6384e1810!2sIslamic%20Cultural%20Institute%20Onlus!5e0!3m2!1sen!2sit!4v1679258505775!5m2!1sen!2sit\" width=\"600\" height=\"350\" style=\"border:0;\" allowfullscreen=\"\" loading=\"lazy\" referrerpolicy=\"no-referrer-when-downgrade\"><\/iframe>\t\t\t\t<\/div>\n\t\t\t\t<\/div>\n\t\t\t\t<section class=\"elementor-section elementor-inner-section elementor-element elementor-element-6011e108 elementor-section-boxed elementor-section-height-default elementor-section-height-default\" data-id=\"6011e108\" data-element_type=\"section\">\n\t\t\t\t\t\t<div class=\"elementor-container elementor-column-gap-default\">\n\t\t\t\t\t<div class=\"elementor-column elementor-col-100 elementor-inner-column elementor-element elementor-element-68297c5b\" data-id=\"68297c5b\" data-element_type=\"column\" data-settings=\"{&quot;background_background&quot;:&quot;classic&quot;}\">\n\t\t\t<div class=\"elementor-widget-wrap elementor-element-populated\">\n\t\t\t\t\t<div class=\"elementor-background-overlay\"><\/div>\n\t\t\t\t\t\t<div class=\"elementor-element elementor-element-6ca6e477 elementor-widget elementor-widget-heading\" data-id=\"6ca6e477\" data-element_type=\"widget\" data-widget_type=\"heading.default\">\n\t\t\t\t<div class=\"elementor-widget-container\">\n\t\t\t\t\t<h2 class=\"elementor-heading-title elementor-size-default\"><a href=\"#\">unitevi per beneficenza<\/a><\/h2>\t\t\t\t<\/div>\n\t\t\t\t<\/div>\n\t\t\t\t<div class=\"elementor-element elementor-element-36af6125 elementor-widget elementor-widget-text-editor\" data-id=\"36af6125\" data-element_type=\"widget\" data-widget_type=\"text-editor.default\">\n\t\t\t\t<div class=\"elementor-widget-container\">\n\t\t\t\t\t\t\t\t\t<p>Incoraggiare gli individui e le organizzazioni a riunirsi e ad avere un impatto positivo sul mondo.<\/p>\t\t\t\t\t\t\t\t<\/div>\n\t\t\t\t<\/div>\n\t\t\t\t<div class=\"elementor-element elementor-element-4ef06645 elementor-align-center elementor-widget elementor-widget-button\" data-id=\"4ef06645\" data-element_type=\"widget\" data-widget_type=\"button.default\">\n\t\t\t\t<div class=\"elementor-widget-container\">\n\t\t\t\t\t\t\t\t\t<div class=\"elementor-button-wrapper\">\n\t\t\t\t\t<a class=\"elementor-button elementor-button-link elementor-size-sm\" href=\"https:\/\/buy.stripe.com\/6oE03r34icxbdmE6ot\" target=\"_blank\">\n\t\t\t\t\t\t<span class=\"elementor-button-content-wrapper\">\n\t\t\t\t\t\t\t\t\t<span class=\"elementor-button-text\">Donate adesso<\/span>\n\t\t\t\t\t<\/span>\n\t\t\t\t\t<\/a>\n\t\t\t\t<\/div>\n\t\t\t\t\t\t\t\t<\/div>\n\t\t\t\t<\/div>\n\t\t\t\t\t<\/div>\n\t\t<\/div>\n\t\t\t\t\t<\/div>\n\t\t<\/section>\n\t\t\t\t\t<\/div>\n\t\t<\/div>\n\t\t\t\t\t<\/div>\n\t\t<\/section>\n\t\t\t\t\t<\/div>\n\t\t<\/div>\n\t\t\t\t\t<\/div>\n\t\t<\/section>\n\t\t\t\t<\/div>","protected":false},"excerpt":{"rendered":"<p>event details Boosting Social chariy NGOs At Institute Cultural Islamic Onlus, we recognize the important role played by social charity NGOs in addressing social issues and providing aid to those in need. We believe that by supporting and boosting these organizations, we can make a significant impact on the lives of the less fortunate in our communities. We work to [&hellip;]<\/p>","protected":false},"author":1,"featured_media":0,"parent":0,"menu_order":0,"comment_status":"closed","ping_status":"closed","template":"elementor_header_footer","meta":{"footnotes":""},"_links":{"self":[{"href":"https:\/\/istitutoculturaleislamicoonlus.catarat.com\/it\/wp-json\/wp\/v2\/pages\/1586"}],"collection":[{"href":"https:\/\/istitutoculturaleislamicoonlus.catarat.com\/it\/wp-json\/wp\/v2\/pages"}],"about":[{"href":"https:\/\/istitutoculturaleislamicoonlus.catarat.com\/it\/wp-json\/wp\/v2\/types\/page"}],"author":[{"embeddable":true,"href":"https:\/\/istitutoculturaleislamicoonlus.catarat.com\/it\/wp-json\/wp\/v2\/users\/1"}],"replies":[{"embeddable":true,"href":"https:\/\/istitutoculturaleislamicoonlus.catarat.com\/it\/wp-json\/wp\/v2\/comments?post=1586"}],"version-history":[{"count":13,"href":"https:\/\/istitutoculturaleislamicoonlus.catarat.com\/it\/wp-json\/wp\/v2\/pages\/1586\/revisions"}],"predecessor-version":[{"id":1753,"href":"https:\/\/istitutoculturaleislamicoonlus.catarat.com\/it\/wp-json\/wp\/v2\/pages\/1586\/revisions\/1753"}],"wp:attachment":[{"href":"https:\/\/istitutoculturaleislamicoonlus.catarat.com\/it\/wp-json\/wp\/v2\/media?parent=1586"}],"curies":[{"name":"wp","href":"https:\/\/api.w.org\/{rel}","templated":true}]}}